{"id":80,"date":"2020-11-05T15:03:47","date_gmt":"2020-11-05T14:03:47","guid":{"rendered":"https:\/\/ednc.secteur-palaiseau.fr\/?page_id=80"},"modified":"2023-07-02T10:00:53","modified_gmt":"2023-07-02T08:00:53","slug":"contenu","status":"publish","type":"page","link":"https:\/\/ednc.secteur-palaiseau.fr\/?page_id=80","title":{"rendered":"Vos num\u00e9ros pr\u00e9c\u00e9dents"},"content":{"rendered":"\t\t<div data-elementor-type=\"wp-page\" data-elementor-id=\"80\" class=\"elementor elementor-80\">\n\t\t\t\t\t\t\t\t\t<section class=\"elementor-section elementor-top-section elementor-element elementor-element-1e0ca4d elementor-section-boxed elementor-section-height-default elementor-section-height-default\" data-id=\"1e0ca4d\" data-element_type=\"section\">\n\t\t\t\t\t\t<div class=\"elementor-container elementor-column-gap-default\">\n\t\t\t\t\t<div class=\"elementor-column elementor-col-100 elementor-top-column elementor-element elementor-element-c55f240\" data-id=\"c55f240\" data-element_type=\"column\">\n\t\t\t<div class=\"elementor-widget-wrap elementor-element-populated\">\n\t\t\t\t\t\t\t\t<div class=\"elementor-element elementor-element-4ce8252 elementor-widget elementor-widget-text-editor\" data-id=\"4ce8252\" data-element_type=\"widget\" data-widget_type=\"text-editor.default\">\n\t\t\t\t<div class=\"elementor-widget-container\">\n\t\t\t\t\t\t\t<p><a href=\"https:\/\/ednc.secteur-palaiseau.fr\/wp-content\/uploads\/2022\/06\/n60-fevrier-2020-Echo-de-nos-clochers.pdf\" target=\"_blank\" rel=\"noopener\">F\u00e9vrier 2020 &#8211; N\u00b060<\/a><\/p><p><a href=\"https:\/\/ednc.secteur-palaiseau.fr\/wp-content\/uploads\/2022\/06\/n61-avril-2020-Echo-de-nos-clochers.pdf\" target=\"_blank\" rel=\"noopener\">Avril 2020 &#8211; N\u00b061<\/a><\/p><p><a href=\"https:\/\/ednc.secteur-palaiseau.fr\/wp-content\/uploads\/2022\/06\/n62-mai-2020-Echo-de-nos-clochers.pdf\" target=\"_blank\" rel=\"noopener\">Mai 2020 &#8211; N\u00b062<\/a><\/p><p><a href=\"https:\/\/ednc.secteur-palaiseau.fr\/wp-content\/uploads\/2022\/06\/n63-juin-2020-Echo-de-nos-clochers.pdf\" target=\"_blank\" rel=\"noopener\">Juin 2020 &#8211; N\u00b0 63<\/a><\/p><p><a href=\"https:\/\/ednc.secteur-palaiseau.fr\/?m=202011\">Novembre 2020 &#8211; N\u00b064<\/a><\/p><p><a href=\"https:\/\/ednc.secteur-palaiseau.fr\/?m=202101\">Janvier 2021 &#8211; N\u00b065<\/a><\/p><p><a href=\"https:\/\/ednc.secteur-palaiseau.fr\/?m=202104\">Avril 2021 N\u00b066<\/a><\/p><p><a href=\"https:\/\/ednc.secteur-palaiseau.fr\/?m=202106\">Juin 2021 &#8211; N\u00b067<\/a><\/p><p><a href=\"https:\/\/ednc.secteur-palaiseau.fr\/?m=202206\">Juin 2022 &#8211; N\u00b068<\/a><\/p><p><a href=\"https:\/\/ednc.secteur-palaiseau.fr\/?m=202211\">Novembre 2022 &#8211; N\u00b069<\/a><\/p><p><a href=\"https:\/\/ednc.secteur-palaiseau.fr\/?m=202304\">Avril 2023 &#8211; N\u00b070<\/a><\/p>\t\t\t\t\t\t<\/div>\n\t\t\t\t<\/div>\n\t\t\t\t\t<\/div>\n\t\t<\/div>\n\t\t\t\t\t\t\t<\/div>\n\t\t<\/section>\n\t\t\t\t\t\t\t<\/div>\n\t\t","protected":false},"excerpt":{"rendered":"<p>F\u00e9vrier 2020 &#8211; N\u00b060 Avril 2020 &#8211; N\u00b061 Mai 2020 &#8211; N\u00b062 Juin 2020 &#8211; N\u00b0 63 Novembre 2020 &#8211; N\u00b064 Janvier 2021 &#8211; N\u00b065<\/p>\n","protected":false},"author":1,"featured_media":0,"parent":0,"menu_order":0,"comment_status":"closed","ping_status":"closed","template":"","meta":{"footnotes":""},"_links":{"self":[{"href":"https:\/\/ednc.secteur-palaiseau.fr\/index.php?rest_route=\/wp\/v2\/pages\/80"}],"collection":[{"href":"https:\/\/ednc.secteur-palaiseau.fr\/index.php?rest_route=\/wp\/v2\/pages"}],"about":[{"href":"https:\/\/ednc.secteur-palaiseau.fr\/index.php?rest_route=\/wp\/v2\/types\/page"}],"author":[{"embeddable":true,"href":"https:\/\/ednc.secteur-palaiseau.fr\/index.php?rest_route=\/wp\/v2\/users\/1"}],"replies":[{"embeddable":true,"href":"https:\/\/ednc.secteur-palaiseau.fr\/index.php?rest_route=%2Fwp%2Fv2%2Fcomments&post=80"}],"version-history":[{"count":96,"href":"https:\/\/ednc.secteur-palaiseau.fr\/index.php?rest_route=\/wp\/v2\/pages\/80\/revisions"}],"predecessor-version":[{"id":6894,"href":"https:\/\/ednc.secteur-palaiseau.fr\/index.php?rest_route=\/wp\/v2\/pages\/80\/revisions\/6894"}],"wp:attachment":[{"href":"https:\/\/ednc.secteur-palaiseau.fr\/index.php?rest_route=%2Fwp%2Fv2%2Fmedia&parent=80"}],"curies":[{"name":"wp","href":"https:\/\/api.w.org\/{rel}","templated":true}]}}